{"id":8081,"date":"2024-03-21T03:22:35","date_gmt":"2024-03-21T03:22:35","guid":{"rendered":"https:\/\/rainbowthemes.net\/themes\/histudy\/?post_type=product&#038;p=8081"},"modified":"2025-05-07T11:52:08","modified_gmt":"2025-05-07T11:52:08","slug":"miracle-morning-2","status":"publish","type":"product","link":"https:\/\/learnarabia.net\/sv\/produkt\/miracle-morning-2\/","title":{"rendered":"\u0635\u0628\u0627\u062d \u0627\u0644\u0645\u0639\u062c\u0632\u0629"},"content":{"rendered":"<p>Lorem ipsum dolor sit amet, consectetur adipiscing elit, sed do eiusmod tempor incididunt ut Labore et dolore magna aliqua. Vi till\u00e5ter bara den minsta aktivitet som vi g\u00f6r genom arbete, att vi inte l\u00e5ta g\u00e5 av n\u00e5got som f\u00f6ljer av detta. Ut enim ad minim veniam\u060c quis nostrud.<\/p>\n<p>Duis aute irure dolor i rerehenderit i voluptate velit esse cillum dolore eu fugiat nulla pariatur. F\u00f6rutom att det \u00e4r en ov\u00e4ntad \u00f6nskan, hon \u00e4r skyldig att kontoret ber\u00f6var sin identitet f\u00f6r att vara ett arbete. Stet clita kasd gubergren, no sea takimata saintus est Lorem ipsum dolor sit amet. Lorem ipsum dolor sit amet, consetetur sadipscing elitr, sed diam nonumy eirmod tempor invidunt ut Labore.<\/p>","protected":false},"excerpt":{"rendered":"<p class=\"mt--20\">Lorem ipsum dolor sit amet, consetetur sadipscing elitr, sed diam nonumy eirmod tempor invidunt. ut Labore et Dolore magna aliquyam erat, sed diam voluptua. \u0641\u064a \u0641\u064a\u0631\u0648 \u0625\u064a\u0648\u0633 \u0648\u0622\u062e\u0631\u0648\u0646 \u0623\u0643\u0648\u0633\u0627\u0645. et justo duo dolores et ea rebum. Stet clita kasd gubergren, no sea takimata saintus est Lorem ipsum dolor sit amet. Lorem ipsum dolor sit amet, consetetur sadipscing elitr, sed diam nonumy eirmod tempor invidunt ut Labore.<\/p>","protected":false},"featured_media":8082,"comment_status":"open","ping_status":"closed","template":"","meta":{"_acf_changed":false},"product_brand":[],"product_cat":[191],"product_tag":[],"class_list":{"0":"post-8081","1":"product","2":"type-product","3":"status-publish","4":"has-post-thumbnail","6":"product_cat-web-design","8":"first","9":"instock","10":"sale","11":"shipping-taxable","12":"purchasable","13":"product-type-simple"},"acf":[],"_links":{"self":[{"href":"https:\/\/learnarabia.net\/sv\/wp-json\/wp\/v2\/product\/8081","targetHints":{"allow":["GET"]}}],"collection":[{"href":"https:\/\/learnarabia.net\/sv\/wp-json\/wp\/v2\/product"}],"about":[{"href":"https:\/\/learnarabia.net\/sv\/wp-json\/wp\/v2\/types\/product"}],"replies":[{"embeddable":true,"href":"https:\/\/learnarabia.net\/sv\/wp-json\/wp\/v2\/comments?post=8081"}],"wp:featuredmedia":[{"embeddable":true,"href":"https:\/\/learnarabia.net\/sv\/wp-json\/wp\/v2\/media\/8082"}],"wp:attachment":[{"href":"https:\/\/learnarabia.net\/sv\/wp-json\/wp\/v2\/media?parent=8081"}],"wp:term":[{"taxonomy":"product_brand","embeddable":true,"href":"https:\/\/learnarabia.net\/sv\/wp-json\/wp\/v2\/product_brand?post=8081"},{"taxonomy":"product_cat","embeddable":true,"href":"https:\/\/learnarabia.net\/sv\/wp-json\/wp\/v2\/product_cat?post=8081"},{"taxonomy":"product_tag","embeddable":true,"href":"https:\/\/learnarabia.net\/sv\/wp-json\/wp\/v2\/product_tag?post=8081"}],"curies":[{"name":"wp","href":"https:\/\/api.w.org\/{rel}","templated":true}]}}